{"id":103,"date":"2023-03-07T12:17:44","date_gmt":"2023-03-07T12:17:44","guid":{"rendered":"https:\/\/www.pandecea.org\/web\/personalizar-cookies\/"},"modified":"2023-03-07T12:40:25","modified_gmt":"2023-03-07T12:40:25","slug":"personalizar-cookies","status":"publish","type":"page","link":"https:\/\/www.pandecea.org\/web\/personalizar-cookies\/","title":{"rendered":"Personalizar Cookies"},"content":{"rendered":"\n<div>\n      <div id=\"custom-cookies-eu-label\">\n          El sitio Web https:\/\/www.pandecea.org\/web utiliza cookies propias  para su correcto funcionamiento. Al hacer clic en el bot\u00f3n Aceptar, acepta el uso de estas tecnolog\u00edas y el procesamiento de sus datos para estos prop\u00f3sitos.          \n\n      <\/div>\n\n      <div id=\"custom-cookies-eu-buttons\" class=\"cookies-eu-buttons\">\n        <button id=\"custom-cookies-eu-reject\" class=\"cookies-eu-reject\">Rechazar<\/button>\n        <button id=\"custom-cookies-eu-accept\" class=\"cookies-eu-accept\">ACEPTAR TODAS LAS COOKIES<\/button><\/div>\n      <\/div>\n\n<br\/>\n<p>\n\tPuedes cambiar tus preferencias de cookies en cualquier momento si vuelves a la p\u00e1gina de Personalizar cookies, a la que puedes acceder a trav\u00e9s del Aviso de cookies. Para obtener m\u00e1s informaci\u00f3n sobre las cookies y c\u00f3mo las usamos, consulta la p\u00e1gina de <a href=\"https:\/\/www.pandecea.org\/web\/politica-de-cookies\/\">Pol\u00edtica de Cookies<\/a>.\n<\/p>\n\n<h3>Cookies t\u00e9cnicas<\/h3>\n<p>\n\tSon aquellas que permiten a los usuarios registrados navegar a trav\u00e9s del sitio Web, del \u00e1rea restringida y a utilizar sus diferentes funciones, como por ejemplo, el sistema de comentarios o el buscador y no pueden ser desactivadas.\n<\/p>\n\n\n\n\n<figure class=\"wp-block-table\"><table><tbody><tr><td>T\u00e9cnicas<\/td><td><\/td><td><\/td><td><\/td><\/tr><tr><td>Cookies<\/td><td>Gestion<\/td><td>Terceros<\/td><td>Duraci\u00f3n<\/td><\/tr><tr><td>catAccCookies<\/td><td>Propia<\/td><td>&nbsp;<\/td><td>1 d\u00eda<\/td><\/tr><tr><td><\/td><td><\/td><td><\/td><td><\/td><\/tr><tr><td>Personalizaci\u00f3n<\/td><td><\/td><td><\/td><td><\/td><\/tr><tr><td>Cookies<\/td><td>Gestion<\/td><td>Terceros<\/td><td>Duraci\u00f3n<\/td><\/tr><tr><td>pll_language<\/td><td>Propia<\/td><td>&nbsp;<\/td><td>1 a\u00f1o<\/td><\/tr><tr><td><\/td><td><\/td><td><\/td><td><\/td><\/tr><tr><td>Publicitarias<\/td><td><\/td><td><\/td><td><\/td><\/tr><tr><td>Cookies<\/td><td>Gestion<\/td><td>Terceros<\/td><td>Duraci\u00f3n<\/td><\/tr><tr><td>datr<\/td><td>Terceros<\/td><td>Facebook<\/td><td>2 a\u00f1os<\/td><\/tr><tr><td>sb<\/td><td>Terceros<\/td><td>Facebook<\/td><td>2 a\u00f1os<\/td><\/tr><tr><td>DEVICE_INFO<\/td><td>Terceros<\/td><td>Youtube<\/td><td>180 d\u00edas<\/td><\/tr><tr><td>LOGIN_INFO<\/td><td>Terceros<\/td><td>Youtube<\/td><td>2 a\u00f1os<\/td><\/tr><tr><td>VISITOR_INFO1_LIVE<\/td><td>Terceros<\/td><td>Youtube<\/td><td>509 d\u00edas<\/td><\/tr><tr><td>YSC<\/td><td>Terceros<\/td><td>Youtube<\/td><td>Sesi\u00f3n<\/td><\/tr><tr><td>__Secure-3PAPISID<\/td><td>Terceros<\/td><td>Youtube<\/td><td>1 a\u00f1o<\/td><\/tr><tr><td>__Secure-3PSID<\/td><td>Terceros<\/td><td>Youtube<\/td><td>1 a\u00f1o<\/td><\/tr><tr><td>__Secure-3PSIDCC<\/td><td>Terceros<\/td><td>Youtube<\/td><td>1 a\u00f1o<\/td><\/tr><\/tbody><\/table><\/figure>\n","protected":false},"excerpt":{"rendered":"<p>El sitio Web https:\/\/www.pandecea.org\/web utiliza cookies propias para su correcto funcionamiento. Al hacer clic en el bot\u00f3n Aceptar, acepta el uso de estas tecnolog\u00edas y el procesamiento de sus datos para estos prop\u00f3sitos. Rechazar ACEPTAR [&hellip;]<\/p>\n","protected":false},"author":1,"featured_media":0,"parent":0,"menu_order":0,"comment_status":"closed","ping_status":"closed","template":"template-page-fullwidth.php","meta":{"footnotes":""},"class_list":["post-103","page","type-page","status-publish","hentry"],"_links":{"self":[{"href":"https:\/\/www.pandecea.org\/web\/wp-json\/wp\/v2\/pages\/103","targetHints":{"allow":["GET"]}}],"collection":[{"href":"https:\/\/www.pandecea.org\/web\/wp-json\/wp\/v2\/pages"}],"about":[{"href":"https:\/\/www.pandecea.org\/web\/wp-json\/wp\/v2\/types\/page"}],"author":[{"embeddable":true,"href":"https:\/\/www.pandecea.org\/web\/wp-json\/wp\/v2\/users\/1"}],"replies":[{"embeddable":true,"href":"https:\/\/www.pandecea.org\/web\/wp-json\/wp\/v2\/comments?post=103"}],"version-history":[{"count":1,"href":"https:\/\/www.pandecea.org\/web\/wp-json\/wp\/v2\/pages\/103\/revisions"}],"predecessor-version":[{"id":109,"href":"https:\/\/www.pandecea.org\/web\/wp-json\/wp\/v2\/pages\/103\/revisions\/109"}],"wp:attachment":[{"href":"https:\/\/www.pandecea.org\/web\/wp-json\/wp\/v2\/media?parent=103"}],"curies":[{"name":"wp","href":"https:\/\/api.w.org\/{rel}","templated":true}]}}